{"id":2227,"date":"2023-11-21T11:10:44","date_gmt":"2023-11-21T09:10:44","guid":{"rendered":"https:\/\/econnect.endepro.com\/rocket-device\/"},"modified":"2025-03-12T12:52:17","modified_gmt":"2025-03-12T10:52:17","slug":"rocket-device","status":"publish","type":"page","link":"https:\/\/econnect.endepro.com\/ca\/rocket-device\/","title":{"rendered":"Rocket Device"},"content":{"rendered":"\t\t<div data-elementor-type=\"wp-page\" data-elementor-id=\"2227\" class=\"elementor elementor-2227 elementor-2071\" data-elementor-post-type=\"page\">\n\t\t\t\t\t\t<section class=\"elementor-section elementor-top-section elementor-element elementor-element-a74b698 elementor-section-boxed elementor-section-height-default elementor-section-height-default\" data-id=\"a74b698\" data-element_type=\"section\" data-e-type=\"section\">\n\t\t\t\t\t\t<div class=\"elementor-container elementor-column-gap-default\">\n\t\t\t\t\t<div class=\"elementor-column elementor-col-100 elementor-top-column elementor-element elementor-element-902eb6b\" data-id=\"902eb6b\" data-element_type=\"column\" data-e-type=\"column\">\n\t\t\t<div class=\"elementor-widget-wrap elementor-element-populated\">\n\t\t\t\t\t\t<div class=\"elementor-element elementor-element-a5574fe elementor-widget elementor-widget-heading\" data-id=\"a5574fe\" data-element_type=\"widget\" data-e-type=\"widget\" data-widget_type=\"heading.default\">\n\t\t\t\t<div class=\"elementor-widget-container\">\n\t\t\t\t\t<h1 class=\"elementor-heading-title elementor-size-default\">Nou dispositiu e\u00b7connect<\/h1>\t\t\t\t<\/div>\n\t\t\t\t<\/div>\n\t\t\t\t<div class=\"elementor-element elementor-element-2d22583 elementor-widget elementor-widget-heading\" data-id=\"2d22583\" data-element_type=\"widget\" data-e-type=\"widget\" data-widget_type=\"heading.default\">\n\t\t\t\t<div class=\"elementor-widget-container\">\n\t\t\t\t\t<h2 class=\"elementor-heading-title elementor-size-default\">Capta, processa i mostra les <br>dades en un sol dispositiu.<\/h2>\t\t\t\t<\/div>\n\t\t\t\t<\/div>\n\t\t\t\t\t<\/div>\n\t\t<\/div>\n\t\t\t\t\t<\/div>\n\t\t<\/section>\n\t\t\t\t<section class=\"elementor-section elementor-top-section elementor-element elementor-element-1e3fdea elementor-section-boxed elementor-section-height-default elementor-section-height-default\" data-id=\"1e3fdea\" data-element_type=\"section\" data-e-type=\"section\">\n\t\t\t\t\t\t<div class=\"elementor-container elementor-column-gap-default\">\n\t\t\t\t\t<div class=\"elementor-column elementor-col-50 elementor-top-column elementor-element elementor-element-f6e0eff\" data-id=\"f6e0eff\" data-element_type=\"column\" data-e-type=\"column\">\n\t\t\t<div class=\"elementor-widget-wrap elementor-element-populated\">\n\t\t\t\t\t\t<div class=\"elementor-element elementor-element-beb578c elementor-widget elementor-widget-image\" data-id=\"beb578c\" data-element_type=\"widget\" data-e-type=\"widget\" data-widget_type=\"image.default\">\n\t\t\t\t<div class=\"elementor-widget-container\">\n\t\t\t\t\t\t\t\t\t\t\t\t\t\t\t<img fetchpriority=\"high\" decoding=\"async\" width=\"800\" height=\"500\" src=\"https:\/\/econnect.endepro.com\/wp-content\/uploads\/2025\/03\/HMI-muntatge-pantalla-web-3-IS-1024x640.webp\" class=\"attachment-large size-large wp-image-2274\" alt=\"HMI muntatge pantalla web 3 IS\" srcset=\"https:\/\/econnect.endepro.com\/wp-content\/uploads\/2025\/03\/HMI-muntatge-pantalla-web-3-IS-1024x640.webp 1024w, https:\/\/econnect.endepro.com\/wp-content\/uploads\/2025\/03\/HMI-muntatge-pantalla-web-3-IS-300x187.webp 300w, https:\/\/econnect.endepro.com\/wp-content\/uploads\/2025\/03\/HMI-muntatge-pantalla-web-3-IS-768x480.webp 768w, https:\/\/econnect.endepro.com\/wp-content\/uploads\/2025\/03\/HMI-muntatge-pantalla-web-3-IS.webp 1266w\" sizes=\"(max-width: 800px) 100vw, 800px\" \/>\t\t\t\t\t\t\t\t\t\t\t\t\t\t\t<\/div>\n\t\t\t\t<\/div>\n\t\t\t\t\t<\/div>\n\t\t<\/div>\n\t\t\t\t<div class=\"elementor-column elementor-col-50 elementor-top-column elementor-element elementor-element-c41068f\" data-id=\"c41068f\" data-element_type=\"column\" data-e-type=\"column\">\n\t\t\t<div class=\"elementor-widget-wrap elementor-element-populated\">\n\t\t\t\t\t\t<div class=\"elementor-element elementor-element-3a367ff elementor-widget elementor-widget-text-editor\" data-id=\"3a367ff\" data-element_type=\"widget\" data-e-type=\"widget\" data-widget_type=\"text-editor.default\">\n\t\t\t\t<div class=\"elementor-widget-container\">\n\t\t\t\t\t\t\t\t\t<h3><strong>Clic &amp; Clac 2 en 1<\/strong><br>Dispositiu i pantalla, tot en un!<\/h3>\n<p>Instal\u00b7laci\u00f3 f\u00e0cil, r\u00e0pida i adaptable <br>a qualsevol m\u00e0quina o PLC.<\/p>\t\t\t\t\t\t\t\t<\/div>\n\t\t\t\t<\/div>\n\t\t\t\t\t<\/div>\n\t\t<\/div>\n\t\t\t\t\t<\/div>\n\t\t<\/section>\n\t\t\t\t<section class=\"elementor-section elementor-top-section elementor-element elementor-element-34f489a elementor-section-boxed elementor-section-height-default elementor-section-height-default\" data-id=\"34f489a\" data-element_type=\"section\" data-e-type=\"section\" data-settings=\"{&quot;background_background&quot;:&quot;classic&quot;}\">\n\t\t\t\t\t\t<div class=\"elementor-container elementor-column-gap-default\">\n\t\t\t\t\t<div class=\"elementor-column elementor-col-25 elementor-top-column elementor-element elementor-element-5e74877\" data-id=\"5e74877\" data-element_type=\"column\" data-e-type=\"column\">\n\t\t\t<div class=\"elementor-widget-wrap elementor-element-populated\">\n\t\t\t\t\t\t<div class=\"elementor-element elementor-element-ec996d3 elementor-widget elementor-widget-image\" data-id=\"ec996d3\" data-element_type=\"widget\" data-e-type=\"widget\" data-widget_type=\"image.default\">\n\t\t\t\t<div class=\"elementor-widget-container\">\n\t\t\t\t\t\t\t\t\t\t\t\t\t\t\t<img decoding=\"async\" width=\"150\" height=\"150\" src=\"https:\/\/econnect.endepro.com\/wp-content\/uploads\/2023\/11\/iconaRocket4-1.png\" class=\"attachment-large size-large wp-image-2122\" alt=\"IconaRocket4\" \/>\t\t\t\t\t\t\t\t\t\t\t\t\t\t\t<\/div>\n\t\t\t\t<\/div>\n\t\t\t\t<div class=\"elementor-element elementor-element-336f847 elementor-widget elementor-widget-text-editor\" data-id=\"336f847\" data-element_type=\"widget\" data-e-type=\"widget\" data-widget_type=\"text-editor.default\">\n\t\t\t\t<div class=\"elementor-widget-container\">\n\t\t\t\t\t\t\t\t\t<p><strong>Plug &amp; Play<\/strong><br \/>No es requereix <br \/>connexi\u00f3 a xarxa<\/p>\n\t\t\t\t\t\t\t\t<\/div>\n\t\t\t\t<\/div>\n\t\t\t\t\t<\/div>\n\t\t<\/div>\n\t\t\t\t<div class=\"elementor-column elementor-col-25 elementor-top-column elementor-element elementor-element-7a1032d\" data-id=\"7a1032d\" data-element_type=\"column\" data-e-type=\"column\">\n\t\t\t<div class=\"elementor-widget-wrap elementor-element-populated\">\n\t\t\t\t\t\t<div class=\"elementor-element elementor-element-6e879da elementor-widget elementor-widget-image\" data-id=\"6e879da\" data-element_type=\"widget\" data-e-type=\"widget\" data-widget_type=\"image.default\">\n\t\t\t\t<div class=\"elementor-widget-container\">\n\t\t\t\t\t\t\t\t\t\t\t\t\t\t\t<img decoding=\"async\" width=\"150\" height=\"150\" src=\"https:\/\/econnect.endepro.com\/wp-content\/uploads\/2023\/11\/iconaRocket2-1.png\" class=\"attachment-large size-large wp-image-2134\" alt=\"IconaRocket2\" \/>\t\t\t\t\t\t\t\t\t\t\t\t\t\t\t<\/div>\n\t\t\t\t<\/div>\n\t\t\t\t<div class=\"elementor-element elementor-element-05b280a elementor-widget elementor-widget-text-editor\" data-id=\"05b280a\" data-element_type=\"widget\" data-e-type=\"widget\" data-widget_type=\"text-editor.default\">\n\t\t\t\t<div class=\"elementor-widget-container\">\n\t\t\t\t\t\t\t\t\t<p><strong>R\u00e0pid<\/strong><br \/>Obtenci\u00f3 de dades <br \/>en menys d\u20191 hora<\/p>\n\t\t\t\t\t\t\t\t<\/div>\n\t\t\t\t<\/div>\n\t\t\t\t\t<\/div>\n\t\t<\/div>\n\t\t\t\t<div class=\"elementor-column elementor-col-25 elementor-top-column elementor-element elementor-element-973a437\" data-id=\"973a437\" data-element_type=\"column\" data-e-type=\"column\">\n\t\t\t<div class=\"elementor-widget-wrap elementor-element-populated\">\n\t\t\t\t\t\t<div class=\"elementor-element elementor-element-095013e elementor-widget elementor-widget-image\" data-id=\"095013e\" data-element_type=\"widget\" data-e-type=\"widget\" data-widget_type=\"image.default\">\n\t\t\t\t<div class=\"elementor-widget-container\">\n\t\t\t\t\t\t\t\t\t\t\t\t\t\t\t<img loading=\"lazy\" decoding=\"async\" width=\"150\" height=\"150\" src=\"https:\/\/econnect.endepro.com\/wp-content\/uploads\/2023\/11\/iconaRocket3-1.png\" class=\"attachment-large size-large wp-image-2130\" alt=\"IconaRocket3\" \/>\t\t\t\t\t\t\t\t\t\t\t\t\t\t\t<\/div>\n\t\t\t\t<\/div>\n\t\t\t\t<div class=\"elementor-element elementor-element-8cd7d56 elementor-widget elementor-widget-text-editor\" data-id=\"8cd7d56\" data-element_type=\"widget\" data-e-type=\"widget\" data-widget_type=\"text-editor.default\">\n\t\t\t\t<div class=\"elementor-widget-container\">\n\t\t\t\t\t\t\t\t\t<p><strong>Escalable<\/strong><br \/>Pots escalar i personalitzar la configuraci\u00f3<\/p>\n\t\t\t\t\t\t\t\t<\/div>\n\t\t\t\t<\/div>\n\t\t\t\t\t<\/div>\n\t\t<\/div>\n\t\t\t\t<div class=\"elementor-column elementor-col-25 elementor-top-column elementor-element elementor-element-95844f8\" data-id=\"95844f8\" data-element_type=\"column\" data-e-type=\"column\">\n\t\t\t<div class=\"elementor-widget-wrap elementor-element-populated\">\n\t\t\t\t\t\t<div class=\"elementor-element elementor-element-6c5e2df elementor-widget elementor-widget-image\" data-id=\"6c5e2df\" data-element_type=\"widget\" data-e-type=\"widget\" data-widget_type=\"image.default\">\n\t\t\t\t<div class=\"elementor-widget-container\">\n\t\t\t\t\t\t\t\t\t\t\t\t\t\t\t<img loading=\"lazy\" decoding=\"async\" width=\"150\" height=\"150\" src=\"https:\/\/econnect.endepro.com\/wp-content\/uploads\/2023\/11\/iconaRocket1-1.png\" class=\"attachment-large size-large wp-image-2138\" alt=\"IconaRocket1\" \/>\t\t\t\t\t\t\t\t\t\t\t\t\t\t\t<\/div>\n\t\t\t\t<\/div>\n\t\t\t\t<div class=\"elementor-element elementor-element-e54f9c1 elementor-widget elementor-widget-text-editor\" data-id=\"e54f9c1\" data-element_type=\"widget\" data-e-type=\"widget\" data-widget_type=\"text-editor.default\">\n\t\t\t\t<div class=\"elementor-widget-container\">\n\t\t\t\t\t\t\t\t\t<p><strong>R\u00e0pida amortitzaci\u00f3<\/strong><br \/>Retorn de la inversi\u00f3 (ROI) en 3 mesos<\/p>\n\t\t\t\t\t\t\t\t<\/div>\n\t\t\t\t<\/div>\n\t\t\t\t\t<\/div>\n\t\t<\/div>\n\t\t\t\t\t<\/div>\n\t\t<\/section>\n\t\t\t\t<section class=\"elementor-section elementor-top-section elementor-element elementor-element-27a7796 elementor-section-boxed elementor-section-height-default elementor-section-height-default\" data-id=\"27a7796\" data-element_type=\"section\" data-e-type=\"section\">\n\t\t\t\t\t\t<div class=\"elementor-container elementor-column-gap-default\">\n\t\t\t\t\t<div class=\"elementor-column elementor-col-50 elementor-top-column elementor-element elementor-element-83d4688\" data-id=\"83d4688\" data-element_type=\"column\" data-e-type=\"column\">\n\t\t\t<div class=\"elementor-widget-wrap elementor-element-populated\">\n\t\t\t\t\t\t<div class=\"elementor-element elementor-element-88aa6c0 elementor-widget elementor-widget-heading\" data-id=\"88aa6c0\" data-element_type=\"widget\" data-e-type=\"widget\" data-widget_type=\"heading.default\">\n\t\t\t\t<div class=\"elementor-widget-container\">\n\t\t\t\t\t<h3 class=\"elementor-heading-title elementor-size-default\">Avantatges i beneficis<\/h3>\t\t\t\t<\/div>\n\t\t\t\t<\/div>\n\t\t\t\t<div class=\"elementor-element elementor-element-0859fdd elementor-align-start llista-icones-top elementor-icon-list--layout-traditional elementor-list-item-link-full_width elementor-widget elementor-widget-icon-list\" data-id=\"0859fdd\" data-element_type=\"widget\" data-e-type=\"widget\" data-widget_type=\"icon-list.default\">\n\t\t\t\t<div class=\"elementor-widget-container\">\n\t\t\t\t\t\t\t<ul class=\"elementor-icon-list-items\">\n\t\t\t\t\t\t\t<li class=\"elementor-icon-list-item\">\n\t\t\t\t\t\t\t\t\t\t\t<span class=\"elementor-icon-list-icon\">\n\t\t\t\t\t\t\t<svg aria-hidden=\"true\" class=\"e-font-icon-svg e-fas-check\" viewBox=\"0 0 512 512\" xmlns=\"http:\/\/www.w3.org\/2000\/svg\"><path d=\"M173.898 439.404l-166.4-166.4c-9.997-9.997-9.997-26.206 0-36.204l36.203-36.204c9.997-9.998 26.207-9.998 36.204 0L192 312.69 432.095 72.596c9.997-9.997 26.207-9.997 36.204 0l36.203 36.204c9.997 9.997 9.997 26.206 0 36.204l-294.4 294.401c-9.998 9.997-26.207 9.997-36.204-.001z\"><\/path><\/svg>\t\t\t\t\t\t<\/span>\n\t\t\t\t\t\t\t\t\t\t<span class=\"elementor-icon-list-text\">Informaci\u00f3 a temps real de l\u2019\u00faltim torn o \u00faltima hora<\/span>\n\t\t\t\t\t\t\t\t\t<\/li>\n\t\t\t\t\t\t\t\t<li class=\"elementor-icon-list-item\">\n\t\t\t\t\t\t\t\t\t\t\t<span class=\"elementor-icon-list-icon\">\n\t\t\t\t\t\t\t<svg aria-hidden=\"true\" class=\"e-font-icon-svg e-fas-check\" viewBox=\"0 0 512 512\" xmlns=\"http:\/\/www.w3.org\/2000\/svg\"><path d=\"M173.898 439.404l-166.4-166.4c-9.997-9.997-9.997-26.206 0-36.204l36.203-36.204c9.997-9.998 26.207-9.998 36.204 0L192 312.69 432.095 72.596c9.997-9.997 26.207-9.997 36.204 0l36.203 36.204c9.997 9.997 9.997 26.206 0 36.204l-294.4 294.401c-9.998 9.997-26.207 9.997-36.204-.001z\"><\/path><\/svg>\t\t\t\t\t\t<\/span>\n\t\t\t\t\t\t\t\t\t\t<span class=\"elementor-icon-list-text\">Hist\u00f2ric de producci\u00f3 i aturades de fins a 7 dies<\/span>\n\t\t\t\t\t\t\t\t\t<\/li>\n\t\t\t\t\t\t\t\t<li class=\"elementor-icon-list-item\">\n\t\t\t\t\t\t\t\t\t\t\t<span class=\"elementor-icon-list-icon\">\n\t\t\t\t\t\t\t<svg aria-hidden=\"true\" class=\"e-font-icon-svg e-fas-check\" viewBox=\"0 0 512 512\" xmlns=\"http:\/\/www.w3.org\/2000\/svg\"><path d=\"M173.898 439.404l-166.4-166.4c-9.997-9.997-9.997-26.206 0-36.204l36.203-36.204c9.997-9.998 26.207-9.998 36.204 0L192 312.69 432.095 72.596c9.997-9.997 26.207-9.997 36.204 0l36.203 36.204c9.997 9.997 9.997 26.206 0 36.204l-294.4 294.401c-9.998 9.997-26.207 9.997-36.204-.001z\"><\/path><\/svg>\t\t\t\t\t\t<\/span>\n\t\t\t\t\t\t\t\t\t\t<span class=\"elementor-icon-list-text\">Selecciona fins a 10 refer\u00e8ncies<\/span>\n\t\t\t\t\t\t\t\t\t<\/li>\n\t\t\t\t\t\t\t\t<li class=\"elementor-icon-list-item\">\n\t\t\t\t\t\t\t\t\t\t\t<span class=\"elementor-icon-list-icon\">\n\t\t\t\t\t\t\t<svg aria-hidden=\"true\" class=\"e-font-icon-svg e-fas-check\" viewBox=\"0 0 512 512\" xmlns=\"http:\/\/www.w3.org\/2000\/svg\"><path d=\"M173.898 439.404l-166.4-166.4c-9.997-9.997-9.997-26.206 0-36.204l36.203-36.204c9.997-9.998 26.207-9.998 36.204 0L192 312.69 432.095 72.596c9.997-9.997 26.207-9.997 36.204 0l36.203 36.204c9.997 9.997 9.997 26.206 0 36.204l-294.4 294.401c-9.998 9.997-26.207 9.997-36.204-.001z\"><\/path><\/svg>\t\t\t\t\t\t<\/span>\n\t\t\t\t\t\t\t\t\t\t<span class=\"elementor-icon-list-text\">Visualitzar les aturades i micro-aturades per eliminar els temps morts<\/span>\n\t\t\t\t\t\t\t\t\t<\/li>\n\t\t\t\t\t\t\t\t<li class=\"elementor-icon-list-item\">\n\t\t\t\t\t\t\t\t\t\t\t<span class=\"elementor-icon-list-icon\">\n\t\t\t\t\t\t\t<svg aria-hidden=\"true\" class=\"e-font-icon-svg e-fas-check\" viewBox=\"0 0 512 512\" xmlns=\"http:\/\/www.w3.org\/2000\/svg\"><path d=\"M173.898 439.404l-166.4-166.4c-9.997-9.997-9.997-26.206 0-36.204l36.203-36.204c9.997-9.998 26.207-9.998 36.204 0L192 312.69 432.095 72.596c9.997-9.997 26.207-9.997 36.204 0l36.203 36.204c9.997 9.997 9.997 26.206 0 36.204l-294.4 294.401c-9.998 9.997-26.207 9.997-36.204-.001z\"><\/path><\/svg>\t\t\t\t\t\t<\/span>\n\t\t\t\t\t\t\t\t\t\t<span class=\"elementor-icon-list-text\">Mostra a temps real al teu equip la seva productivitat<\/span>\n\t\t\t\t\t\t\t\t\t<\/li>\n\t\t\t\t\t\t\t\t<li class=\"elementor-icon-list-item\">\n\t\t\t\t\t\t\t\t\t\t\t<span class=\"elementor-icon-list-icon\">\n\t\t\t\t\t\t\t<svg aria-hidden=\"true\" class=\"e-font-icon-svg e-fas-check\" viewBox=\"0 0 512 512\" xmlns=\"http:\/\/www.w3.org\/2000\/svg\"><path d=\"M173.898 439.404l-166.4-166.4c-9.997-9.997-9.997-26.206 0-36.204l36.203-36.204c9.997-9.998 26.207-9.998 36.204 0L192 312.69 432.095 72.596c9.997-9.997 26.207-9.997 36.204 0l36.203 36.204c9.997 9.997 9.997 26.206 0 36.204l-294.4 294.401c-9.998 9.997-26.207 9.997-36.204-.001z\"><\/path><\/svg>\t\t\t\t\t\t<\/span>\n\t\t\t\t\t\t\t\t\t\t<span class=\"elementor-icon-list-text\">Consulta la informaci\u00f3 de totes les m\u00e0quines amb rocket Device des de qualsevol ordinador (opcional)<\/span>\n\t\t\t\t\t\t\t\t\t<\/li>\n\t\t\t\t\t\t<\/ul>\n\t\t\t\t\t\t<\/div>\n\t\t\t\t<\/div>\n\t\t\t\t\t<\/div>\n\t\t<\/div>\n\t\t\t\t<div class=\"elementor-column elementor-col-50 elementor-top-column elementor-element elementor-element-5b20129\" data-id=\"5b20129\" data-element_type=\"column\" data-e-type=\"column\">\n\t\t\t<div class=\"elementor-widget-wrap elementor-element-populated\">\n\t\t\t\t\t\t<div class=\"elementor-element elementor-element-b43a659 elementor-widget elementor-widget-image\" data-id=\"b43a659\" data-element_type=\"widget\" data-e-type=\"widget\" data-widget_type=\"image.default\">\n\t\t\t\t<div class=\"elementor-widget-container\">\n\t\t\t\t\t\t\t\t\t\t\t\t\t\t\t<img loading=\"lazy\" decoding=\"async\" width=\"1266\" height=\"791\" src=\"https:\/\/econnect.endepro.com\/wp-content\/uploads\/2025\/03\/HMI-muntatge-pantalla-web-31-IS.webp\" class=\"attachment-full size-full wp-image-2278\" alt=\"HMI muntatge pantalla web 31 IS\" srcset=\"https:\/\/econnect.endepro.com\/wp-content\/uploads\/2025\/03\/HMI-muntatge-pantalla-web-31-IS.webp 1266w, https:\/\/econnect.endepro.com\/wp-content\/uploads\/2025\/03\/HMI-muntatge-pantalla-web-31-IS-300x187.webp 300w, https:\/\/econnect.endepro.com\/wp-content\/uploads\/2025\/03\/HMI-muntatge-pantalla-web-31-IS-1024x640.webp 1024w, https:\/\/econnect.endepro.com\/wp-content\/uploads\/2025\/03\/HMI-muntatge-pantalla-web-31-IS-768x480.webp 768w\" sizes=\"(max-width: 1266px) 100vw, 1266px\" \/>\t\t\t\t\t\t\t\t\t\t\t\t\t\t\t<\/div>\n\t\t\t\t<\/div>\n\t\t\t\t\t<\/div>\n\t\t<\/div>\n\t\t\t\t\t<\/div>\n\t\t<\/section>\n\t\t\t\t<section class=\"elementor-section elementor-top-section elementor-element elementor-element-1e65e40 elementor-section-boxed elementor-section-height-default elementor-section-height-default\" data-id=\"1e65e40\" data-element_type=\"section\" data-e-type=\"section\">\n\t\t\t\t\t\t<div class=\"elementor-container elementor-column-gap-default\">\n\t\t\t\t\t<div class=\"elementor-column elementor-col-100 elementor-top-column elementor-element elementor-element-9638b2a\" data-id=\"9638b2a\" data-element_type=\"column\" data-e-type=\"column\">\n\t\t\t<div class=\"elementor-widget-wrap elementor-element-populated\">\n\t\t\t\t\t\t<div class=\"elementor-element elementor-element-9fb45c4 elementor-widget elementor-widget-heading\" data-id=\"9fb45c4\" data-element_type=\"widget\" data-e-type=\"widget\" data-widget_type=\"heading.default\">\n\t\t\t\t<div class=\"elementor-widget-container\">\n\t\t\t\t\t<h3 class=\"elementor-heading-title elementor-size-default\">Un pla per a cada negoci<\/h3>\t\t\t\t<\/div>\n\t\t\t\t<\/div>\n\t\t\t\t<div class=\"elementor-element elementor-element-eb91939 elementor-widget elementor-widget-shortcode\" data-id=\"eb91939\" data-element_type=\"widget\" data-e-type=\"widget\" data-widget_type=\"shortcode.default\">\n\t\t\t\t<div class=\"elementor-widget-container\">\n\t\t\t\t\t\t\t<div class=\"elementor-shortcode\">\n<table id=\"tablepress-4\" class=\"tablepress tablepress-id-4\">\n<thead>\n<tr class=\"row-1\">\n\t<td class=\"column-1\"><\/td><th class=\"column-2\">On Premise<\/th><th class=\"column-3\">Cloud<\/th><th class=\"column-4\">e\u00b7connect MES<\/th>\n<\/tr>\n<\/thead>\n<tbody>\n<tr class=\"row-2\">\n\t<td class=\"column-1\">Rocket Device<\/td><td class=\"column-2\"><i aria-hidden=\"true\" class=\"fas fa-check verd\"><\/i><\/td><td class=\"column-3\"><i aria-hidden=\"true\" class=\"fas fa-check verd\"><\/i><\/td><td class=\"column-4\"><i aria-hidden=\"true\" class=\"fas fa-check verd\"><\/i><\/td>\n<\/tr>\n<tr class=\"row-3\">\n\t<td class=\"column-1\">Connexi\u00f3 a xarxa<\/td><td class=\"column-2\">\u2014<\/td><td class=\"column-3\"><i aria-hidden=\"true\" class=\"fas fa-check verd\"><\/i><\/td><td class=\"column-4\"><i aria-hidden=\"true\" class=\"fas fa-check verd\"><\/i><\/td>\n<\/tr>\n<tr class=\"row-4\">\n\t<td class=\"column-1\">Visualitzaci\u00f3 unificada del parc de m\u00e0quines<\/td><td class=\"column-2\">\u2014<\/td><td class=\"column-3\"><i aria-hidden=\"true\" class=\"fas fa-check verd\"><\/i><\/td><td class=\"column-4\"><i aria-hidden=\"true\" class=\"fas fa-check verd\"><\/i><\/td>\n<\/tr>\n<tr class=\"row-5\">\n\t<td class=\"column-1\">Acc\u00e9s a dades desde qualsevol dispositiu<\/td><td class=\"column-2\">\u2014<\/td><td class=\"column-3\"><i aria-hidden=\"true\" class=\"fas fa-check verd\"><\/i><\/td><td class=\"column-4\"><i aria-hidden=\"true\" class=\"fas fa-check verd\"><\/i><\/td>\n<\/tr>\n<tr class=\"row-6\">\n\t<td class=\"column-1\">Hist\u00f2ric de producci\u00f3 i parades<\/td><td class=\"column-2\">7 dies<\/td><td class=\"column-3\">365 dies<\/td><td class=\"column-4\">Il\u00b7limitat<\/td>\n<\/tr>\n<tr class=\"row-7\">\n\t<td class=\"column-1\">Referencies<\/td><td class=\"column-2\">10<\/td><td class=\"column-3\">200<\/td><td class=\"column-4\">Il\u00b7limitat<\/td>\n<\/tr>\n<tr class=\"row-8\">\n\t<td class=\"column-1\">Personalitzaci\u00f3 tipus de parada<\/td><td class=\"column-2\">\u2014<\/td><td class=\"column-3\"><i aria-hidden=\"true\" class=\"fas fa-check verd\"><\/i><\/td><td class=\"column-4\"><i aria-hidden=\"true\" class=\"fas fa-check verd\"><\/i><\/td>\n<\/tr>\n<tr class=\"row-9\">\n\t<td class=\"column-1\">Sistema MES: M\u00f2duls de planificaci\u00f3, producci\u00f3, qualitat i manteniment.<\/td><td class=\"column-2\">\u2014<\/td><td class=\"column-3\">\u2014<\/td><td class=\"column-4\"><i aria-hidden=\"true\" class=\"fas fa-check verd\"><\/i><\/td>\n<\/tr>\n<tr class=\"row-10\">\n\t<td class=\"column-1\"><\/td><td class=\"column-2\"><\/td><td class=\"column-3\"><\/td><td class=\"column-4\"><\/td>\n<\/tr>\n<\/tbody>\n<\/table>\n<\/div>\n\t\t\t\t\t\t<\/div>\n\t\t\t\t<\/div>\n\t\t\t\t\t<\/div>\n\t\t<\/div>\n\t\t\t\t\t<\/div>\n\t\t<\/section>\n\t\t\t\t<section class=\"elementor-section elementor-top-section elementor-element elementor-element-135a8dc elementor-section-boxed elementor-section-height-default elementor-section-height-default\" data-id=\"135a8dc\" data-element_type=\"section\" data-e-type=\"section\" data-settings=\"{&quot;background_background&quot;:&quot;classic&quot;}\">\n\t\t\t\t\t\t<div class=\"elementor-container elementor-column-gap-default\">\n\t\t\t\t\t<div class=\"elementor-column elementor-col-33 elementor-top-column elementor-element elementor-element-182e2fa\" data-id=\"182e2fa\" data-element_type=\"column\" data-e-type=\"column\">\n\t\t\t<div class=\"elementor-widget-wrap elementor-element-populated\">\n\t\t\t\t\t\t<div class=\"elementor-element elementor-element-e00fb2a elementor-widget elementor-widget-image\" data-id=\"e00fb2a\" data-element_type=\"widget\" data-e-type=\"widget\" data-widget_type=\"image.default\">\n\t\t\t\t<div class=\"elementor-widget-container\">\n\t\t\t\t\t\t\t\t\t\t\t\t\t\t\t<img loading=\"lazy\" decoding=\"async\" width=\"600\" height=\"478\" src=\"https:\/\/econnect.endepro.com\/wp-content\/uploads\/2022\/03\/Recurso-8.png\" class=\"attachment-large size-large wp-image-1372\" alt=\"Recurso\" srcset=\"https:\/\/econnect.endepro.com\/wp-content\/uploads\/2022\/03\/Recurso-8.png 600w, https:\/\/econnect.endepro.com\/wp-content\/uploads\/2022\/03\/Recurso-8-300x239.png 300w\" sizes=\"(max-width: 600px) 100vw, 600px\" \/>\t\t\t\t\t\t\t\t\t\t\t\t\t\t\t<\/div>\n\t\t\t\t<\/div>\n\t\t\t\t\t<\/div>\n\t\t<\/div>\n\t\t\t\t<div class=\"elementor-column elementor-col-66 elementor-top-column elementor-element elementor-element-f6a75e0\" data-id=\"f6a75e0\" data-element_type=\"column\" data-e-type=\"column\">\n\t\t\t<div class=\"elementor-widget-wrap elementor-element-populated\">\n\t\t\t\t\t\t<div class=\"elementor-element elementor-element-d1eee38 elementor-widget elementor-widget-text-editor\" data-id=\"d1eee38\" data-element_type=\"widget\" data-e-type=\"widget\" data-widget_type=\"text-editor.default\">\n\t\t\t\t<div class=\"elementor-widget-container\">\n\t\t\t\t\t\t\t\t\t<p>Encara no tens clar com el pots integrar a l\u2019empresa?<br \/><strong>Sol\u00b7licita una demostraci\u00f3 personalitzada gratu\u00efta<\/strong><\/p>\n\t\t\t\t\t\t\t\t<\/div>\n\t\t\t\t<\/div>\n\t\t\t\t<div class=\"elementor-element elementor-element-db933f2 elementor-widget elementor-widget-text-editor\" data-id=\"db933f2\" data-element_type=\"widget\" data-e-type=\"widget\" data-widget_type=\"text-editor.default\">\n\t\t\t\t<div class=\"elementor-widget-container\">\n\t\t\t\t\t\t\t\t\t<p>Dubtes? Consultes? Preguntes? Envia\u2019ns la consulta mitjan\u00e7ant aquest formulari, el WhatsApp o el xat de la nostra web<\/p>\n\t\t\t\t\t\t\t\t<\/div>\n\t\t\t\t<\/div>\n\t\t\t\t<div class=\"elementor-element elementor-element-cc73ee6 elementor-mobile-align-center elementor-widget elementor-widget-button\" data-id=\"cc73ee6\" data-element_type=\"widget\" data-e-type=\"widget\" data-widget_type=\"button.default\">\n\t\t\t\t<div class=\"elementor-widget-container\">\n\t\t\t\t\t\t\t\t\t<div class=\"elementor-button-wrapper\">\n\t\t\t\t\t<a class=\"elementor-button elementor-button-link elementor-size-sm\" href=\"https:\/\/econnect.endepro.com\/ca\/contactar\/\">\n\t\t\t\t\t\t<span class=\"elementor-button-content-wrapper\">\n\t\t\t\t\t\t\t\t\t<span class=\"elementor-button-text\">Contactar<\/span>\n\t\t\t\t\t<\/span>\n\t\t\t\t\t<\/a>\n\t\t\t\t<\/div>\n\t\t\t\t\t\t\t\t<\/div>\n\t\t\t\t<\/div>\n\t\t\t\t\t<\/div>\n\t\t<\/div>\n\t\t\t\t\t<\/div>\n\t\t<\/section>\n\t\t\t\t<\/div>\n\t\t","protected":false},"excerpt":{"rendered":"<p>Nou dispositiu e\u00b7connect Capta, processa i mostra les dades en un sol dispositiu. Clic &amp; Clac 2 en 1Dispositiu i pantalla, tot en un! Instal\u00b7laci\u00f3 f\u00e0cil, r\u00e0pida i adaptable a qualsevol m\u00e0quina o PLC. Plug &amp; PlayNo es requereix connexi\u00f3 a xarxa R\u00e0pidObtenci\u00f3 de dades en menys d\u20191 hora EscalablePots escalar i personalitzar la configuraci\u00f3 [&hellip;]<\/p>\n","protected":false},"author":1,"featured_media":0,"parent":0,"menu_order":0,"comment_status":"closed","ping_status":"closed","template":"","meta":{"slim_seo":{"title":"Rocket Device - econnect","description":"Nou dispositiu e\u00b7connect Capta, processa i mostra les dades en un sol dispositiu. Clic &amp; Clac 2 en 1 Dispositiu i pantalla, tot en un! Instal\u00b7laci\u00f3 f\u00e0cil, r"},"footnotes":""},"class_list":["post-2227","page","type-page","status-publish","hentry"],"_links":{"self":[{"href":"https:\/\/econnect.endepro.com\/ca\/wp-json\/wp\/v2\/pages\/2227","targetHints":{"allow":["GET"]}}],"collection":[{"href":"https:\/\/econnect.endepro.com\/ca\/wp-json\/wp\/v2\/pages"}],"about":[{"href":"https:\/\/econnect.endepro.com\/ca\/wp-json\/wp\/v2\/types\/page"}],"author":[{"embeddable":true,"href":"https:\/\/econnect.endepro.com\/ca\/wp-json\/wp\/v2\/users\/1"}],"replies":[{"embeddable":true,"href":"https:\/\/econnect.endepro.com\/ca\/wp-json\/wp\/v2\/comments?post=2227"}],"version-history":[{"count":7,"href":"https:\/\/econnect.endepro.com\/ca\/wp-json\/wp\/v2\/pages\/2227\/revisions"}],"predecessor-version":[{"id":2286,"href":"https:\/\/econnect.endepro.com\/ca\/wp-json\/wp\/v2\/pages\/2227\/revisions\/2286"}],"wp:attachment":[{"href":"https:\/\/econnect.endepro.com\/ca\/wp-json\/wp\/v2\/media?parent=2227"}],"curies":[{"name":"wp","href":"https:\/\/api.w.org\/{rel}","templated":true}]}}