{"id":1541,"date":"2022-03-11T13:24:48","date_gmt":"2022-03-11T11:24:48","guid":{"rendered":"https:\/\/econnect.endepro.com\/contactar\/"},"modified":"2022-10-18T08:47:52","modified_gmt":"2022-10-18T06:47:52","slug":"contactar","status":"publish","type":"page","link":"https:\/\/econnect.endepro.com\/ca\/contactar\/","title":{"rendered":"Contactar"},"content":{"rendered":"\t\t<div data-elementor-type=\"wp-page\" data-elementor-id=\"1541\" class=\"elementor elementor-1541 elementor-18\" data-elementor-post-type=\"page\">\n\t\t\t\t\t\t<section class=\"elementor-section elementor-top-section elementor-element elementor-element-0fd282e elementor-section-boxed elementor-section-height-default elementor-section-height-default\" data-id=\"0fd282e\" data-element_type=\"section\" data-e-type=\"section\" data-settings=\"{&quot;background_background&quot;:&quot;classic&quot;}\">\n\t\t\t\t\t\t<div class=\"elementor-container elementor-column-gap-default\">\n\t\t\t\t\t<div class=\"elementor-column elementor-col-100 elementor-top-column elementor-element elementor-element-cedc586\" data-id=\"cedc586\" data-element_type=\"column\" data-e-type=\"column\">\n\t\t\t<div class=\"elementor-widget-wrap elementor-element-populated\">\n\t\t\t\t\t\t<div class=\"elementor-element elementor-element-2c0dd7f elementor-widget elementor-widget-heading\" data-id=\"2c0dd7f\" data-element_type=\"widget\" data-e-type=\"widget\" data-widget_type=\"heading.default\">\n\t\t\t\t<div class=\"elementor-widget-container\">\n\t\t\t\t\t<h1 class=\"elementor-heading-title elementor-size-default\">Contactar<\/h1>\t\t\t\t<\/div>\n\t\t\t\t<\/div>\n\t\t\t\t<div class=\"elementor-element elementor-element-8e1658f elementor-widget elementor-widget-heading\" data-id=\"8e1658f\" data-element_type=\"widget\" data-e-type=\"widget\" data-widget_type=\"heading.default\">\n\t\t\t\t<div class=\"elementor-widget-container\">\n\t\t\t\t\t<h2 class=\"elementor-heading-title elementor-size-default\">Som aqu\u00ed, preparats per respondre les teves consultes!<\/h2>\t\t\t\t<\/div>\n\t\t\t\t<\/div>\n\t\t\t\t\t<\/div>\n\t\t<\/div>\n\t\t\t\t\t<\/div>\n\t\t<\/section>\n\t\t\t\t<section class=\"elementor-section elementor-top-section elementor-element elementor-element-496166e elementor-section-boxed elementor-section-height-default elementor-section-height-default\" data-id=\"496166e\" data-element_type=\"section\" data-e-type=\"section\">\n\t\t\t\t\t\t<div class=\"elementor-container elementor-column-gap-default\">\n\t\t\t\t\t<div class=\"elementor-column elementor-col-50 elementor-top-column elementor-element elementor-element-3a6c4ca\" data-id=\"3a6c4ca\" data-element_type=\"column\" data-e-type=\"column\">\n\t\t\t<div class=\"elementor-widget-wrap elementor-element-populated\">\n\t\t\t\t\t\t<div class=\"elementor-element elementor-element-886af0e elementor-widget elementor-widget-text-editor\" data-id=\"886af0e\" data-element_type=\"widget\" data-e-type=\"widget\" data-widget_type=\"text-editor.default\">\n\t\t\t\t<div class=\"elementor-widget-container\">\n\t\t\t\t\t\t\t\t\t<h4>Si tens qualsevol dubte o consulta, o si vols demanar una demostraci\u00f3\u2026<br \/>Contacta amb nosaltres i explica\u2019ns en qu\u00e8 et podem ajudar.<\/h4>\n\t\t\t\t\t\t\t\t<\/div>\n\t\t\t\t<\/div>\n\t\t\t\t<div class=\"elementor-element elementor-element-b2ab4d2 elementor-widget elementor-widget-text-editor\" data-id=\"b2ab4d2\" data-element_type=\"widget\" data-e-type=\"widget\" data-widget_type=\"text-editor.default\">\n\t\t\t\t<div class=\"elementor-widget-container\">\n\t\t\t\t\t\t\t\t\t<p><strong>Endepro Software<\/strong><br \/>Font del Gat, 33 2-C<br \/>08242 Manresa \u2013 Barcelona<br \/>+34 938 306 697<br \/><a href=\"mailto:info@endepro.com\">info@endepro.com<\/a><\/p>\n\t\t\t\t\t\t\t\t<\/div>\n\t\t\t\t<\/div>\n\t\t\t\t\t<\/div>\n\t\t<\/div>\n\t\t\t\t<div class=\"elementor-column elementor-col-50 elementor-top-column elementor-element elementor-element-8143ce2\" data-id=\"8143ce2\" data-element_type=\"column\" data-e-type=\"column\">\n\t\t\t<div class=\"elementor-widget-wrap elementor-element-populated\">\n\t\t\t\t\t\t<div class=\"elementor-element elementor-element-1910bd0 elementor-button-align-start elementor-widget elementor-widget-form\" data-id=\"1910bd0\" data-element_type=\"widget\" data-e-type=\"widget\" data-settings=\"{&quot;step_next_label&quot;:&quot;Next&quot;,&quot;step_previous_label&quot;:&quot;Previous&quot;,&quot;button_width&quot;:&quot;100&quot;,&quot;step_type&quot;:&quot;number_text&quot;,&quot;step_icon_shape&quot;:&quot;circle&quot;}\" data-widget_type=\"form.default\">\n\t\t\t\t<div class=\"elementor-widget-container\">\n\t\t\t\t\t\t\t<form class=\"elementor-form\" method=\"post\" data-wpl_tracker=\"{&quot;gtag&quot;:true,&quot;gtag_category&quot;:&quot;form&quot;,&quot;gtag_action&quot;:&quot;enviatok&quot;,&quot;gtag_label&quot;:&quot;econnect&quot;}\" class=\"events-tracker-for-elementor\" name=\"econnect formulari\" aria-label=\"econnect formulari\">\n\t\t\t<input type=\"hidden\" name=\"post_id\" value=\"1541\"\/>\n\t\t\t<input type=\"hidden\" name=\"form_id\" value=\"1910bd0\"\/>\n\t\t\t<input type=\"hidden\" name=\"referer_title\" value=\"Contactar\" \/>\n\n\t\t\t\t\t\t\t<input type=\"hidden\" name=\"queried_id\" value=\"1541\"\/>\n\t\t\t\n\t\t\t<div class=\"elementor-form-fields-wrapper elementor-labels-above\">\n\t\t\t\t\t\t\t\t<div class=\"elementor-field-type-text elementor-field-group elementor-column elementor-field-group-name elementor-col-100 elementor-field-required elementor-mark-required\">\n\t\t\t\t\t\t\t\t\t\t\t\t<label for=\"form-field-name\" class=\"elementor-field-label\">\n\t\t\t\t\t\t\t\tNom i cognoms\t\t\t\t\t\t\t<\/label>\n\t\t\t\t\t\t\t\t\t\t\t\t\t\t<input size=\"1\" type=\"text\" name=\"form_fields[name]\" id=\"form-field-name\" class=\"elementor-field elementor-size-sm  elementor-field-textual\" required=\"required\">\n\t\t\t\t\t\t\t\t\t\t\t<\/div>\n\t\t\t\t\t\t\t\t<div class=\"elementor-field-type-text elementor-field-group elementor-column elementor-field-group-field_e2a0606 elementor-col-100\">\n\t\t\t\t\t\t\t\t\t\t\t\t<label for=\"form-field-field_e2a0606\" class=\"elementor-field-label\">\n\t\t\t\t\t\t\t\tEmpresa\t\t\t\t\t\t\t<\/label>\n\t\t\t\t\t\t\t\t\t\t\t\t\t\t<input size=\"1\" type=\"text\" name=\"form_fields[field_e2a0606]\" id=\"form-field-field_e2a0606\" class=\"elementor-field elementor-size-sm  elementor-field-textual\">\n\t\t\t\t\t\t\t\t\t\t\t<\/div>\n\t\t\t\t\t\t\t\t<div class=\"elementor-field-type-email elementor-field-group elementor-column elementor-field-group-email elementor-col-100 elementor-field-required elementor-mark-required\">\n\t\t\t\t\t\t\t\t\t\t\t\t<label for=\"form-field-email\" class=\"elementor-field-label\">\n\t\t\t\t\t\t\t\tEmail\t\t\t\t\t\t\t<\/label>\n\t\t\t\t\t\t\t\t\t\t\t\t\t\t<input size=\"1\" type=\"email\" name=\"form_fields[email]\" id=\"form-field-email\" class=\"elementor-field elementor-size-sm  elementor-field-textual\" required=\"required\">\n\t\t\t\t\t\t\t\t\t\t\t<\/div>\n\t\t\t\t\t\t\t\t<div class=\"elementor-field-type-tel elementor-field-group elementor-column elementor-field-group-field_6dddb22 elementor-col-100 elementor-field-required elementor-mark-required\">\n\t\t\t\t\t\t\t\t\t\t\t\t<label for=\"form-field-field_6dddb22\" class=\"elementor-field-label\">\n\t\t\t\t\t\t\t\tTel\u00e8fon m\u00f2bil \t\t\t\t\t\t\t<\/label>\n\t\t\t\t\t\t\t\t<input size=\"1\" type=\"tel\" name=\"form_fields[field_6dddb22]\" id=\"form-field-field_6dddb22\" class=\"elementor-field elementor-size-sm  elementor-field-textual\" required=\"required\" pattern=\"[0-9()#&amp;+*-=.]+\" title=\"Only numbers and phone characters (#, -, *, etc) are accepted.\">\n\n\t\t\t\t\t\t<\/div>\n\t\t\t\t\t\t\t\t<div class=\"elementor-field-type-textarea elementor-field-group elementor-column elementor-field-group-message elementor-col-100\">\n\t\t\t\t\t\t\t\t\t\t\t\t<label for=\"form-field-message\" class=\"elementor-field-label\">\n\t\t\t\t\t\t\t\tMissatge\t\t\t\t\t\t\t<\/label>\n\t\t\t\t\t\t<textarea class=\"elementor-field-textual elementor-field  elementor-size-sm\" name=\"form_fields[message]\" id=\"form-field-message\" rows=\"4\"><\/textarea>\t\t\t\t<\/div>\n\t\t\t\t\t\t\t\t<div class=\"elementor-field-type-acceptance elementor-field-group elementor-column elementor-field-group-field_b92792b elementor-col-100 elementor-field-required elementor-mark-required\">\n\t\t\t\t\t\t\t<div class=\"elementor-field-subgroup\">\n\t\t\t<span class=\"elementor-field-option\">\n\t\t\t\t<input type=\"checkbox\" name=\"form_fields[field_b92792b]\" id=\"form-field-field_b92792b\" class=\"elementor-field elementor-size-sm  elementor-acceptance-field\" required=\"required\">\n\t\t\t\t<label for=\"form-field-field_b92792b\">Accepto les condicions d\u2019\u00fas del servei i la pol\u00edtica de privadesa<\/label>\t\t\t<\/span>\n\t\t<\/div>\n\t\t\t\t\t\t<\/div>\n\t\t\t\t\t\t\t\t<div class=\"elementor-field-type-recaptcha_v3 elementor-field-group elementor-column elementor-field-group-field_3dbb943 elementor-col-100 recaptcha_v3-bottomleft\">\n\t\t\t\t\t<div class=\"elementor-field\" id=\"form-field-field_3dbb943\"><div class=\"elementor-g-recaptcha\" data-sitekey=\"6LdcC40iAAAAAImR8cc1eOuZD6Ma0NgqkVM6n6xE\" data-type=\"v3\" data-action=\"Form\" data-badge=\"bottomleft\" data-size=\"invisible\"><\/div><\/div>\t\t\t\t<\/div>\n\t\t\t\t\t\t\t\t<div class=\"elementor-field-group elementor-column elementor-field-type-submit elementor-col-100 e-form__buttons\">\n\t\t\t\t\t<button class=\"elementor-button elementor-size-sm\" type=\"submit\">\n\t\t\t\t\t\t<span class=\"elementor-button-content-wrapper\">\n\t\t\t\t\t\t\t\t\t\t\t\t\t\t\t\t\t\t\t\t\t\t<span class=\"elementor-button-text\">Enviar<\/span>\n\t\t\t\t\t\t\t\t\t\t\t\t\t<\/span>\n\t\t\t\t\t<\/button>\n\t\t\t\t<\/div>\n\t\t\t<\/div>\n\t\t<\/form>\n\t\t\t\t\t\t<\/div>\n\t\t\t\t<\/div>\n\t\t\t\t\t<\/div>\n\t\t<\/div>\n\t\t\t\t\t<\/div>\n\t\t<\/section>\n\t\t\t\t<section class=\"elementor-section elementor-top-section elementor-element elementor-element-721706f elementor-section-boxed elementor-section-height-default elementor-section-height-default\" data-id=\"721706f\" data-element_type=\"section\" data-e-type=\"section\">\n\t\t\t\t\t\t<div class=\"elementor-container elementor-column-gap-default\">\n\t\t\t\t\t<div class=\"elementor-column elementor-col-100 elementor-top-column elementor-element elementor-element-f24e2d3\" data-id=\"f24e2d3\" data-element_type=\"column\" data-e-type=\"column\">\n\t\t\t<div class=\"elementor-widget-wrap elementor-element-populated\">\n\t\t\t\t\t\t<div class=\"elementor-element elementor-element-64fe856 elementor-widget elementor-widget-text-editor\" data-id=\"64fe856\" data-element_type=\"widget\" data-e-type=\"widget\" data-widget_type=\"text-editor.default\">\n\t\t\t\t<div class=\"elementor-widget-container\">\n\t\t\t\t\t\t\t\t\t<p>CONSENTIMENT PER TRACTAR LES DADES PERSONALS.<br \/>ENDEPRO SOFTWARE, SL \u00e9s el Responsable del tractament de les dades personals de l\u2019Usuari i us informa que aquestes dades es tractaran de conformitat amb el que disposa la normativa vigent sobre protecci\u00f3 de dades personals, el Reglament (UE) 2016\/679 de 27 d\u2019abril de 2016 (RGPD), per la qual cosa se us facilita la informaci\u00f3 seg\u00fcent sobre el tractament.<br \/>Finalitat: atendre les sol\u00b7licituds rebudes de la part interessada mitjan\u00e7ant el nostre formulari de contacte.<br \/>Destinataris: no se cediran dades a tercers, excepte en cas d\u2019obligaci\u00f3 legal.<br \/>Drets: teniu dret a accedir, rectificar i suprimir les dades, aix\u00ed com altres drets, tal com s\u2019explica en la informaci\u00f3 addicional.<br \/>Informaci\u00f3 addicional: podeu consultar la informaci\u00f3 addicional i detallada en mat\u00e8ria de protecci\u00f3 de dades a la nostra pol\u00edtica de privadesa.<\/p>\n\t\t\t\t\t\t\t\t<\/div>\n\t\t\t\t<\/div>\n\t\t\t\t\t<\/div>\n\t\t<\/div>\n\t\t\t\t\t<\/div>\n\t\t<\/section>\n\t\t\t\t<\/div>\n\t\t","protected":false},"excerpt":{"rendered":"<p>Som aqu\u00ed, preparats per respondre les teves consultes! Si tens qualsevol dubte o consulta, o si vols demanar una demostraci\u00f3\u2026Contacta amb nosaltres i explica\u2019ns en qu\u00e8 et podem ajudar. Endepro SoftwareFont del Gat, 33 2-C08242 Manresa \u2013 Barcelona+34 938 306 697info@endepro.com CONSENTIMENT PER TRACTAR LES DADES PERSONALS.ENDEPRO SOFTWARE, SL \u00e9s el Responsable del tractament de [&hellip;]<\/p>\n","protected":false},"author":1,"featured_media":0,"parent":0,"menu_order":0,"comment_status":"closed","ping_status":"closed","template":"","meta":{"slim_seo":{"title":"Contactar - econnect","description":"Som aqu\u00ed, preparats per respondre les teves consultes! Si tens qualsevol dubte o consulta, o si vols demanar una demostraci\u00f3\u2026 Contacta amb nosaltres i explica\u2019n"},"footnotes":""},"class_list":["post-1541","page","type-page","status-publish","hentry"],"_links":{"self":[{"href":"https:\/\/econnect.endepro.com\/ca\/wp-json\/wp\/v2\/pages\/1541","targetHints":{"allow":["GET"]}}],"collection":[{"href":"https:\/\/econnect.endepro.com\/ca\/wp-json\/wp\/v2\/pages"}],"about":[{"href":"https:\/\/econnect.endepro.com\/ca\/wp-json\/wp\/v2\/types\/page"}],"author":[{"embeddable":true,"href":"https:\/\/econnect.endepro.com\/ca\/wp-json\/wp\/v2\/users\/1"}],"replies":[{"embeddable":true,"href":"https:\/\/econnect.endepro.com\/ca\/wp-json\/wp\/v2\/comments?post=1541"}],"version-history":[{"count":10,"href":"https:\/\/econnect.endepro.com\/ca\/wp-json\/wp\/v2\/pages\/1541\/revisions"}],"predecessor-version":[{"id":1855,"href":"https:\/\/econnect.endepro.com\/ca\/wp-json\/wp\/v2\/pages\/1541\/revisions\/1855"}],"wp:attachment":[{"href":"https:\/\/econnect.endepro.com\/ca\/wp-json\/wp\/v2\/media?parent=1541"}],"curies":[{"name":"wp","href":"https:\/\/api.w.org\/{rel}","templated":true}]}}